{"id":44,"date":"2025-03-09T19:22:02","date_gmt":"2025-03-09T19:22:02","guid":{"rendered":"https:\/\/adwokat-kaszewski.pl\/?page_id=44"},"modified":"2025-06-02T20:36:57","modified_gmt":"2025-06-02T20:36:57","slug":"kancelaria-prawna-2","status":"publish","type":"page","link":"https:\/\/adwokat-kaszewski.pl\/","title":{"rendered":"Kancelaria prawna 2"},"content":{"rendered":"\t\t<div data-elementor-type=\"wp-page\" data-elementor-id=\"44\" class=\"elementor elementor-44\">\n\t\t\t\t<div class=\"elementor-element elementor-element-96f97ca e-flex e-con-boxed e-con e-parent\" data-id=\"96f97ca\" data-element_type=\"container\" data-e-type=\"container\" data-settings=\"{&quot;background_background&quot;:&quot;video&quot;,&quot;background_video_link&quot;:&quot;https:\\\/\\\/adwokat-kaszewski.pl\\\/wp-content\\\/uploads\\\/2025\\\/05\\\/Kancelaria-1_5.mp4&quot;,&quot;background_play_on_mobile&quot;:&quot;yes&quot;}\">\n\t\t\t\t\t<div class=\"e-con-inner\">\n\t\t<div class=\"elementor-background-video-container\">\n\t\t\t\t\t\t\t<video class=\"elementor-background-video-hosted\" role=\"presentation\" autoplay muted playsinline loop><\/video>\n\t\t\t\t\t<\/div><div class=\"elementor-element elementor-element-c635db5 e-con-full e-flex e-con e-child\" data-id=\"c635db5\" data-element_type=\"container\" data-e-type=\"container\">\n\t\t<div class=\"elementor-element elementor-element-70c73a0 e-con-full e-flex e-con e-child\" data-id=\"70c73a0\" data-element_type=\"container\" data-e-type=\"container\">\n\t\t\t\t<div class=\"elementor-element elementor-element-c06684a elementor-widget elementor-widget-heading\" data-id=\"c06684a\" data-element_type=\"widget\" data-e-type=\"widget\" data-widget_type=\"heading.default\">\n\t\t\t\t<div class=\"elementor-widget-container\">\n\t\t\t\t\t<h2 class=\"elementor-heading-title elementor-size-default\">Adwokat<\/h2>\t\t\t\t<\/div>\n\t\t\t\t<\/div>\n\t\t\t\t<\/div>\n\t\t<div class=\"elementor-element elementor-element-df0d876 e-con-full e-flex e-con e-child\" data-id=\"df0d876\" data-element_type=\"container\" data-e-type=\"container\">\n\t\t\t\t<div class=\"elementor-element elementor-element-b2f8150 elementor-widget elementor-widget-heading\" data-id=\"b2f8150\" data-element_type=\"widget\" data-e-type=\"widget\" data-widget_type=\"heading.default\">\n\t\t\t\t<div class=\"elementor-widget-container\">\n\t\t\t\t\t<h1 class=\"elementor-heading-title elementor-size-default\">Sebastian Kaszewski<\/h1>\t\t\t\t<\/div>\n\t\t\t\t<\/div>\n\t\t\t\t<\/div>\n\t\t<div class=\"elementor-element elementor-element-f5c17bd e-con-full e-flex e-con e-child\" data-id=\"f5c17bd\" data-element_type=\"container\" data-e-type=\"container\">\n\t\t\t\t<div class=\"elementor-element elementor-element-60abf45 elementor-widget elementor-widget-text-editor\" data-id=\"60abf45\" data-element_type=\"widget\" data-e-type=\"widget\" data-widget_type=\"text-editor.default\">\n\t\t\t\t<div class=\"elementor-widget-container\">\n\t\t\t\t\t\t\t\t\t<p>Specjalista od spraw karnych<\/p>\t\t\t\t\t\t\t\t<\/div>\n\t\t\t\t<\/div>\n\t\t\t\t<\/div>\n\t\t<div class=\"elementor-element elementor-element-a2ce0fc e-con-full e-flex e-con e-child\" data-id=\"a2ce0fc\" data-element_type=\"container\" data-e-type=\"container\">\n\t\t\t\t<div class=\"elementor-element elementor-element-36b4cb7 elementor-widget elementor-widget-button\" data-id=\"36b4cb7\" data-element_type=\"widget\" data-e-type=\"widget\" data-widget_type=\"button.default\">\n\t\t\t\t<div class=\"elementor-widget-container\">\n\t\t\t\t\t\t\t\t\t<div class=\"elementor-button-wrapper\">\n\t\t\t\t\t<a class=\"elementor-button elementor-button-link elementor-size-sm elementor-animation-grow\" href=\"tel:601157076\">\n\t\t\t\t\t\t<span class=\"elementor-button-content-wrapper\">\n\t\t\t\t\t\t<span class=\"elementor-button-icon\">\n\t\t\t\t<i aria-hidden=\"true\" class=\"la la-phone\"><\/i>\t\t\t<\/span>\n\t\t\t\t\t\t\t\t\t<span class=\"elementor-button-text\">601 157 076<\/span>\n\t\t\t\t\t<\/span>\n\t\t\t\t\t<\/a>\n\t\t\t\t<\/div>\n\t\t\t\t\t\t\t\t<\/div>\n\t\t\t\t<\/div>\n\t\t\t\t<\/div>\n\t\t<div class=\"elementor-element elementor-element-ca4c66e e-con-full e-flex e-con e-child\" data-id=\"ca4c66e\" data-element_type=\"container\" data-e-type=\"container\">\n\t\t\t\t<div class=\"elementor-element elementor-element-a8fdbc9 elementor-hidden-mobile elementor-widget elementor-widget-text-editor\" data-id=\"a8fdbc9\" data-element_type=\"widget\" data-e-type=\"widget\" data-widget_type=\"text-editor.default\">\n\t\t\t\t<div class=\"elementor-widget-container\">\n\t\t\t\t\t\t\t\t\t<p style=\"text-align: center; font-size: 20px;\"><span style=\"color: #ffffff;\"><strong>Kancelaria adwokacka<\/strong><\/span> wyspecjalizowana<br \/>w zagadnieniach prawa karnego.<\/p><p style=\"text-align: center;\">ul. Mieszka I 54\/7, 66-400 Gorz\u00f3w Wielkopolski<br \/>Poniedzia\u0142ek \u2013 Pi\u0105tek 09:00 \u2013 17:00<br \/><strong>tel. 601 157 076<\/strong><br \/>e-mail: <a href=\"mailto:sebastiankaszewski@wp.pl\"><span style=\"color: #17a017;\">sebastiankaszewski@wp.pl<\/span><\/a><\/p><p style=\"text-align: center;\">W pilnych sprawach prosz\u0119 o kontakt telefoniczny<br \/>(tak\u017ce w weekendy i dni \u015bwi\u0105teczne).<\/p>\t\t\t\t\t\t\t\t<\/div>\n\t\t\t\t<\/div>\n\t\t\t\t<\/div>\n\t\t<div class=\"elementor-element elementor-element-8600657 e-con-full elementor-hidden-tablet elementor-hidden-mobile e-flex e-con e-child\" data-id=\"8600657\" data-element_type=\"container\" data-e-type=\"container\">\n\t\t\t\t<div class=\"elementor-element elementor-element-a059de5 elementor-widget__width-initial elementor-hidden-mobile elementor-widget elementor-widget-google_maps\" data-id=\"a059de5\" data-element_type=\"widget\" data-e-type=\"widget\" data-widget_type=\"google_maps.default\">\n\t\t\t\t<div class=\"elementor-widget-container\">\n\t\t\t\t\t\t\t<div class=\"elementor-custom-embed\">\n\t\t\t<iframe loading=\"lazy\"\n\t\t\t\t\tsrc=\"https:\/\/maps.google.com\/maps?q=KANCELARIA%20ADWOKACKA%20ADWOKAT%20SEBASTIAN%20KASZEWSKI&#038;t=m&#038;z=15&#038;output=embed&#038;iwloc=near\"\n\t\t\t\t\ttitle=\"KANCELARIA ADWOKACKA ADWOKAT SEBASTIAN KASZEWSKI\"\n\t\t\t\t\taria-label=\"KANCELARIA ADWOKACKA ADWOKAT SEBASTIAN KASZEWSKI\"\n\t\t\t><\/iframe>\n\t\t<\/div>\n\t\t\t\t\t\t<\/div>\n\t\t\t\t<\/div>\n\t\t\t\t<\/div>\n\t\t\t\t<\/div>\n\t\t<div class=\"elementor-element elementor-element-e5b9cee e-con-full e-flex e-con e-child\" data-id=\"e5b9cee\" data-element_type=\"container\" data-e-type=\"container\">\n\t\t\t\t<div class=\"elementor-element elementor-element-8beb404 elementor-widget elementor-widget-image\" data-id=\"8beb404\" data-element_type=\"widget\" data-e-type=\"widget\" data-widget_type=\"image.default\">\n\t\t\t\t<div class=\"elementor-widget-container\">\n\t\t\t\t\t\t\t\t\t\t\t\t\t\t\t<img fetchpriority=\"high\" decoding=\"async\" width=\"669\" height=\"1024\" src=\"https:\/\/adwokat-kaszewski.pl\/wp-content\/uploads\/2025\/03\/sebastian_kaszewski_adwokat_gorzow_04_4-669x1024.png\" class=\"attachment-large size-large wp-image-132\" alt=\"Sebastian Kaszewski - Adwokat\" srcset=\"https:\/\/adwokat-kaszewski.pl\/wp-content\/uploads\/2025\/03\/sebastian_kaszewski_adwokat_gorzow_04_4-669x1024.png 669w, https:\/\/adwokat-kaszewski.pl\/wp-content\/uploads\/2025\/03\/sebastian_kaszewski_adwokat_gorzow_04_4-196x300.png 196w, https:\/\/adwokat-kaszewski.pl\/wp-content\/uploads\/2025\/03\/sebastian_kaszewski_adwokat_gorzow_04_4.png 758w\" sizes=\"(max-width: 669px) 100vw, 669px\" \/>\t\t\t\t\t\t\t\t\t\t\t\t\t\t\t<\/div>\n\t\t\t\t<\/div>\n\t\t\t\t<\/div>\n\t\t\t\t\t<\/div>\n\t\t\t\t<\/div>\n\t\t<div class=\"elementor-element elementor-element-d352b82 e-flex e-con-boxed e-con e-parent\" data-id=\"d352b82\" data-element_type=\"container\" data-e-type=\"container\">\n\t\t\t\t\t<div class=\"e-con-inner\">\n\t\t<div class=\"elementor-element elementor-element-20111d4 e-con-full e-flex e-con e-child\" data-id=\"20111d4\" data-element_type=\"container\" data-e-type=\"container\">\n\t\t\t\t<div class=\"elementor-element elementor-element-3ff961b elementor-hidden-desktop elementor-hidden-tablet elementor-widget elementor-widget-text-editor\" data-id=\"3ff961b\" data-element_type=\"widget\" data-e-type=\"widget\" data-widget_type=\"text-editor.default\">\n\t\t\t\t<div class=\"elementor-widget-container\">\n\t\t\t\t\t\t\t\t\t<p><span style=\"color: #ffffff; font-size: 20px;\"><strong>Kancelaria adwokacka<\/strong><\/span> <span style=\"font-size: 20px;\">wyspecjalizowana w zagadnieniach prawa karnego.<\/span><\/p><p>ul. Mieszka I 54\/7<br \/>66-400 Gorz\u00f3w Wielkopolski<br \/>Poniedzia\u0142ek \u2013 Pi\u0105tek 09:00 \u2013 17:00<br \/><strong>tel. 601 157 076<\/strong><br \/>e-mail: <a href=\"mailto:sebastiankaszewski@wp.pl\"><span style=\"color: #17a017;\">sebastiankaszewski@wp.pl<\/span><\/a><\/p><p>W pilnych sprawach prosz\u0119 o kontakt telefoniczny (tak\u017ce w weekendy i dni \u015bwi\u0105teczne).<\/p>\t\t\t\t\t\t\t\t<\/div>\n\t\t\t\t<\/div>\n\t\t\t\t<\/div>\n\t\t<div class=\"elementor-element elementor-element-36674da e-con-full e-flex e-con e-child\" data-id=\"36674da\" data-element_type=\"container\" data-e-type=\"container\">\n\t\t\t\t<div class=\"elementor-element elementor-element-7b785fe elementor-widget__width-initial elementor-hidden-desktop elementor-hidden-tablet elementor-widget elementor-widget-google_maps\" data-id=\"7b785fe\" data-element_type=\"widget\" data-e-type=\"widget\" data-widget_type=\"google_maps.default\">\n\t\t\t\t<div class=\"elementor-widget-container\">\n\t\t\t\t\t\t\t<div class=\"elementor-custom-embed\">\n\t\t\t<iframe loading=\"lazy\"\n\t\t\t\t\tsrc=\"https:\/\/maps.google.com\/maps?q=KANCELARIA%20ADWOKACKA%20ADWOKAT%20SEBASTIAN%20KASZEWSKI&#038;t=m&#038;z=15&#038;output=embed&#038;iwloc=near\"\n\t\t\t\t\ttitle=\"KANCELARIA ADWOKACKA ADWOKAT SEBASTIAN KASZEWSKI\"\n\t\t\t\t\taria-label=\"KANCELARIA ADWOKACKA ADWOKAT SEBASTIAN KASZEWSKI\"\n\t\t\t><\/iframe>\n\t\t<\/div>\n\t\t\t\t\t\t<\/div>\n\t\t\t\t<\/div>\n\t\t\t\t<\/div>\n\t\t\t\t\t<\/div>\n\t\t\t\t<\/div>\n\t\t<div class=\"elementor-element elementor-element-f3b5858 e-flex e-con-boxed e-con e-parent\" data-id=\"f3b5858\" data-element_type=\"container\" data-e-type=\"container\">\n\t\t\t\t\t<div class=\"e-con-inner\">\n\t\t\t\t<div class=\"elementor-element elementor-element-eeb6c9f elementor-widget elementor-widget-text-editor\" data-id=\"eeb6c9f\" data-element_type=\"widget\" data-e-type=\"widget\" data-widget_type=\"text-editor.default\">\n\t\t\t\t<div class=\"elementor-widget-container\">\n\t\t\t\t\t\t\t\t\t<p style=\"text-align: center;\"><span style=\"color: #808080;\">Adwokat &#8211; Sebastian Kaszewski &#8211; Gorz\u00f3w Wielkopolski<\/span><\/p><p style=\"text-align: center;\"><span style=\"color: #808080;\">Wszelkie prawa zastrze\u017cone<\/span><\/p>\t\t\t\t\t\t\t\t<\/div>\n\t\t\t\t<\/div>\n\t\t\t\t\t<\/div>\n\t\t\t\t<\/div>\n\t\t\t\t<\/div>\n\t\t","protected":false},"excerpt":{"rendered":"<p>Adwokat Sebastian Kaszewski Specjalista od spraw karnych 601 157 076 Kancelaria adwokacka wyspecjalizowanaw zagadnieniach prawa karnego. ul. Mieszka I 54\/7,<\/p>\n","protected":false},"author":1,"featured_media":0,"parent":0,"menu_order":0,"comment_status":"closed","ping_status":"closed","template":"elementor_header_footer","meta":{"footnotes":""},"class_list":["post-44","page","type-page","status-publish","hentry"],"_links":{"self":[{"href":"https:\/\/adwokat-kaszewski.pl\/index.php?rest_route=\/wp\/v2\/pages\/44","targetHints":{"allow":["GET"]}}],"collection":[{"href":"https:\/\/adwokat-kaszewski.pl\/index.php?rest_route=\/wp\/v2\/pages"}],"about":[{"href":"https:\/\/adwokat-kaszewski.pl\/index.php?rest_route=\/wp\/v2\/types\/page"}],"author":[{"embeddable":true,"href":"https:\/\/adwokat-kaszewski.pl\/index.php?rest_route=\/wp\/v2\/users\/1"}],"replies":[{"embeddable":true,"href":"https:\/\/adwokat-kaszewski.pl\/index.php?rest_route=%2Fwp%2Fv2%2Fcomments&post=44"}],"version-history":[{"count":271,"href":"https:\/\/adwokat-kaszewski.pl\/index.php?rest_route=\/wp\/v2\/pages\/44\/revisions"}],"predecessor-version":[{"id":495,"href":"https:\/\/adwokat-kaszewski.pl\/index.php?rest_route=\/wp\/v2\/pages\/44\/revisions\/495"}],"wp:attachment":[{"href":"https:\/\/adwokat-kaszewski.pl\/index.php?rest_route=%2Fwp%2Fv2%2Fmedia&parent=44"}],"curies":[{"name":"wp","href":"https:\/\/api.w.org\/{rel}","templated":true}]}}